{"id":19,"date":"2020-06-25T15:29:38","date_gmt":"2020-06-25T15:29:38","guid":{"rendered":"http:\/\/albigal.com\/?page_id=19"},"modified":"2024-07-30T19:13:41","modified_gmt":"2024-07-30T19:13:41","slug":"who-we-are","status":"publish","type":"page","link":"https:\/\/albigal.com\/mx\/who-we-are\/","title":{"rendered":"Nosotros"},"content":{"rendered":"<div data-elementor-type=\"wp-page\" data-elementor-id=\"19\" class=\"elementor elementor-19\">\n\t\t\t\t\t\t<section class=\"elementor-section elementor-top-section elementor-element elementor-element-ac72bd0 elementor-section-boxed elementor-section-height-default elementor-section-height-default\" data-id=\"ac72bd0\" data-element_type=\"section\" data-settings=\"{&quot;background_background&quot;:&quot;classic&quot;}\">\n\t\t\t\t\t\t<div class=\"elementor-container elementor-column-gap-default\">\n\t\t\t\t\t<div class=\"elementor-column elementor-col-50 elementor-top-column elementor-element elementor-element-9eec407\" data-id=\"9eec407\" data-element_type=\"column\" data-settings=\"{&quot;background_background&quot;:&quot;classic&quot;}\">\n\t\t\t<div class=\"elementor-widget-wrap elementor-element-populated\">\n\t\t\t\t\t\t<div class=\"elementor-element elementor-element-4206d7c elementor-widget elementor-widget-heading\" data-id=\"4206d7c\" data-element_type=\"widget\" data-widget_type=\"heading.default\">\n\t\t\t\t<div class=\"elementor-widget-container\">\n\t\t\t\t\t<h1 class=\"elementor-heading-title elementor-size-default\">Inmobiliaria Albigal<\/h1>\t\t\t\t<\/div>\n\t\t\t\t<\/div>\n\t\t\t\t<div class=\"elementor-element elementor-element-f2e790b elementor-widget elementor-widget-heading\" data-id=\"f2e790b\" data-element_type=\"widget\" data-widget_type=\"heading.default\">\n\t\t\t\t<div class=\"elementor-widget-container\">\n\t\t\t\t\t<h1 class=\"elementor-heading-title elementor-size-default\">S.A. de C.V.<\/h1>\t\t\t\t<\/div>\n\t\t\t\t<\/div>\n\t\t\t\t<div class=\"elementor-element elementor-element-201dbbf elementor-widget elementor-widget-heading\" data-id=\"201dbbf\" data-element_type=\"widget\" data-widget_type=\"heading.default\">\n\t\t\t\t<div class=\"elementor-widget-container\">\n\t\t\t\t\t<h2 class=\"elementor-heading-title elementor-size-default\">Trayectoria<\/h2>\t\t\t\t<\/div>\n\t\t\t\t<\/div>\n\t\t\t\t<div class=\"elementor-element elementor-element-e68128c elementor-widget elementor-widget-text-editor\" data-id=\"e68128c\" data-element_type=\"widget\" data-widget_type=\"text-editor.default\">\n\t\t\t\t<div class=\"elementor-widget-container\">\n\t\t\t\t\t\t\t\t\t<p>Inmobiliaria Albigal nace a finales del 2017 con la visi\u00f3n de proporcionar soluciones de espacios de trabajo y vivienda funcionales, sustentables y de la m\u00e1s alta calidad.Durante el 2018, comenz\u00f3 la expansi\u00f3n activa de inversi\u00f3n, detonando el crecimiento y la diversificaci\u00f3n en distintos mercados, trayendo como resultado la participaci\u00f3n en proyectos inmobiliarios tanto nacionales como internacionales.<\/p>\n<p>Hoy en d\u00eda Albigal busca incursionar en el mercado inmobiliario de Estados Unidos, invirtiendo y administrando proyectos multifamiliares en los estados y ciudades del sur de los Estados Unidos (Miami, Oklahoma, Texas).&nbsp;<\/p>\n<p>Currently, Albigal is looking to diversify its portfolio and expand its&nbsp; multifamily asset presence with a buy and hold strategy into different local markets in Texas and South Florida<\/p>\t\t\t\t\t\t\t\t<\/div>\n\t\t\t\t<\/div>\n\t\t\t\t\t<\/div>\n\t\t<\/div>\n\t\t\t\t<div class=\"elementor-column elementor-col-50 elementor-top-column elementor-element elementor-element-3a3a761\" data-id=\"3a3a761\" data-element_type=\"column\" data-settings=\"{&quot;background_background&quot;:&quot;classic&quot;}\">\n\t\t\t<div class=\"elementor-widget-wrap elementor-element-populated\">\n\t\t\t\t\t\t<div class=\"elementor-element elementor-element-baa92f4 elementor-widget elementor-widget-image\" data-id=\"baa92f4\" data-element_type=\"widget\" data-widget_type=\"image.default\">\n\t\t\t\t<div class=\"elementor-widget-container\">\n\t\t\t\t\t\t\t\t\t\t\t\t\t\t\t<img fetchpriority=\"high\" decoding=\"async\" width=\"1246\" height=\"1028\" src=\"https:\/\/albigal.com\/wp-content\/uploads\/2020\/09\/Picture1.png\" class=\"attachment-1536x1536 size-1536x1536 wp-image-471\" alt=\"\" srcset=\"https:\/\/albigal.com\/wp-content\/uploads\/2020\/09\/Picture1.png 1246w, https:\/\/albigal.com\/wp-content\/uploads\/2020\/09\/Picture1-300x248.png 300w, https:\/\/albigal.com\/wp-content\/uploads\/2020\/09\/Picture1-1024x845.png 1024w, https:\/\/albigal.com\/wp-content\/uploads\/2020\/09\/Picture1-768x634.png 768w\" sizes=\"(max-width: 1246px) 100vw, 1246px\" \/>\t\t\t\t\t\t\t\t\t\t\t\t\t\t\t<\/div>\n\t\t\t\t<\/div>\n\t\t\t\t\t<\/div>\n\t\t<\/div>\n\t\t\t\t\t<\/div>\n\t\t<\/section>\n\t\t\t\t<section class=\"elementor-section elementor-top-section elementor-element elementor-element-3e52ab5 elementor-section-boxed elementor-section-height-default elementor-section-height-default\" data-id=\"3e52ab5\" data-element_type=\"section\" data-settings=\"{&quot;background_background&quot;:&quot;classic&quot;}\">\n\t\t\t\t\t\t<div class=\"elementor-container elementor-column-gap-default\">\n\t\t\t\t\t<div class=\"elementor-column elementor-col-33 elementor-top-column elementor-element elementor-element-81e5a7a\" data-id=\"81e5a7a\" data-element_type=\"column\" data-settings=\"{&quot;background_background&quot;:&quot;classic&quot;}\">\n\t\t\t<div class=\"elementor-widget-wrap elementor-element-populated\">\n\t\t\t\t\t\t<div class=\"elementor-element elementor-element-1d50b8d elementor-view-default elementor-widget elementor-widget-icon\" data-id=\"1d50b8d\" data-element_type=\"widget\" data-widget_type=\"icon.default\">\n\t\t\t\t<div class=\"elementor-widget-container\">\n\t\t\t\t\t\t\t<div class=\"elementor-icon-wrapper\">\n\t\t\t<div class=\"elementor-icon elementor-animation-pulse\">\n\t\t\t<i aria-hidden=\"true\" class=\"fas fa-handshake\"><\/i>\t\t\t<\/div>\n\t\t<\/div>\n\t\t\t\t\t\t<\/div>\n\t\t\t\t<\/div>\n\t\t\t\t<div class=\"elementor-element elementor-element-23928e2 elementor-widget elementor-widget-heading\" data-id=\"23928e2\" data-element_type=\"widget\" data-widget_type=\"heading.default\">\n\t\t\t\t<div class=\"elementor-widget-container\">\n\t\t\t\t\t<h2 class=\"elementor-heading-title elementor-size-default\">MISI\u00d3N<\/h2>\t\t\t\t<\/div>\n\t\t\t\t<\/div>\n\t\t\t\t<div class=\"elementor-element elementor-element-688678c elementor-widget elementor-widget-text-editor\" data-id=\"688678c\" data-element_type=\"widget\" data-widget_type=\"text-editor.default\">\n\t\t\t\t<div class=\"elementor-widget-container\">\n\t\t\t\t\t\t\t\t\t<p>Based on: the generation of value throughout scalable, sustainable and technological strategies, and a close relationship with our clients, partners, and collaborators Albigal&#8217;s mission is:<\/p><p><span style=\"font-family: 'Barlow Semi Condensed', sans-serif; font-size: 15px; font-style: normal; font-variant-ligatures: normal; font-variant-caps: normal; font-weight: 400; text-align: center; white-space: pre-wrap;\">- La generaci\u00f3n valor a trav\u00e9s de estrategias escalables impulsando las tendencias sustentables y tecnol\u00f3gicas en el sector inmobiliario. \n- Las relaciones estrechas con nuestros clientes, socios y colaboradores. <\/span><\/p>\t\t\t\t\t\t\t\t<\/div>\n\t\t\t\t<\/div>\n\t\t\t\t\t<\/div>\n\t\t<\/div>\n\t\t\t\t<div class=\"elementor-column elementor-col-33 elementor-top-column elementor-element elementor-element-98a8f6f\" data-id=\"98a8f6f\" data-element_type=\"column\">\n\t\t\t<div class=\"elementor-widget-wrap elementor-element-populated\">\n\t\t\t\t\t\t<div class=\"elementor-element elementor-element-de67c8a elementor-view-default elementor-widget elementor-widget-icon\" data-id=\"de67c8a\" data-element_type=\"widget\" data-widget_type=\"icon.default\">\n\t\t\t\t<div class=\"elementor-widget-container\">\n\t\t\t\t\t\t\t<div class=\"elementor-icon-wrapper\">\n\t\t\t<div class=\"elementor-icon elementor-animation-pulse\">\n\t\t\t<i aria-hidden=\"true\" class=\"far fa-map\"><\/i>\t\t\t<\/div>\n\t\t<\/div>\n\t\t\t\t\t\t<\/div>\n\t\t\t\t<\/div>\n\t\t\t\t<div class=\"elementor-element elementor-element-7177c46 elementor-widget elementor-widget-heading\" data-id=\"7177c46\" data-element_type=\"widget\" data-widget_type=\"heading.default\">\n\t\t\t\t<div class=\"elementor-widget-container\">\n\t\t\t\t\t<h2 class=\"elementor-heading-title elementor-size-default\">VISI\u00d3N<\/h2>\t\t\t\t<\/div>\n\t\t\t\t<\/div>\n\t\t\t\t<div class=\"elementor-element elementor-element-78a6d1a elementor-widget elementor-widget-text-editor\" data-id=\"78a6d1a\" data-element_type=\"widget\" data-widget_type=\"text-editor.default\">\n\t\t\t\t<div class=\"elementor-widget-container\">\n\t\t\t\t\t\t\t\t\t<p class=\"MsoNormal\"><span lang=\"ES-MX\"><b>\u201cAgregar valor y calidad de vida al tejido social, empresarial y familiar\"<\/b><\/span><\/p>\t\t\t\t\t\t\t\t<\/div>\n\t\t\t\t<\/div>\n\t\t\t\t\t<\/div>\n\t\t<\/div>\n\t\t\t\t<div class=\"elementor-column elementor-col-33 elementor-top-column elementor-element elementor-element-774c044\" data-id=\"774c044\" data-element_type=\"column\">\n\t\t\t<div class=\"elementor-widget-wrap elementor-element-populated\">\n\t\t\t\t\t\t<div class=\"elementor-element elementor-element-3a3199d elementor-view-default elementor-widget elementor-widget-icon\" data-id=\"3a3199d\" data-element_type=\"widget\" data-widget_type=\"icon.default\">\n\t\t\t\t<div class=\"elementor-widget-container\">\n\t\t\t\t\t\t\t<div class=\"elementor-icon-wrapper\">\n\t\t\t<div class=\"elementor-icon elementor-animation-pulse\">\n\t\t\t<i aria-hidden=\"true\" class=\"fas fa-balance-scale-left\"><\/i>\t\t\t<\/div>\n\t\t<\/div>\n\t\t\t\t\t\t<\/div>\n\t\t\t\t<\/div>\n\t\t\t\t<div class=\"elementor-element elementor-element-fd1bd56 elementor-widget elementor-widget-heading\" data-id=\"fd1bd56\" data-element_type=\"widget\" data-widget_type=\"heading.default\">\n\t\t\t\t<div class=\"elementor-widget-container\">\n\t\t\t\t\t<h2 class=\"elementor-heading-title elementor-size-default\">VALORES<\/h2>\t\t\t\t<\/div>\n\t\t\t\t<\/div>\n\t\t\t\t<div class=\"elementor-element elementor-element-e7b3ec4 elementor-widget elementor-widget-text-editor\" data-id=\"e7b3ec4\" data-element_type=\"widget\" data-widget_type=\"text-editor.default\">\n\t\t\t\t<div class=\"elementor-widget-container\">\n\t\t\t\t\t\t\t\t\t<p>En Inmobiliaria Albigal buscamos tener una atmosfera de mejora continua basados en nuestros valores de:<\/p><ul><li>Integridad<\/li><li>Honestidad<\/li><li>Responsabilidad<\/li><\/ul>\t\t\t\t\t\t\t\t<\/div>\n\t\t\t\t<\/div>\n\t\t\t\t\t<\/div>\n\t\t<\/div>\n\t\t\t\t\t<\/div>\n\t\t<\/section>\n\t\t\t\t<section class=\"elementor-section elementor-top-section elementor-element elementor-element-1e6924e elementor-section-boxed elementor-section-height-default elementor-section-height-default\" data-id=\"1e6924e\" data-element_type=\"section\">\n\t\t\t\t\t\t<div class=\"elementor-container elementor-column-gap-default\">\n\t\t\t\t\t<div class=\"elementor-column elementor-col-100 elementor-top-column elementor-element elementor-element-aa3cf74\" data-id=\"aa3cf74\" data-element_type=\"column\">\n\t\t\t<div class=\"elementor-widget-wrap elementor-element-populated\">\n\t\t\t\t\t\t<div class=\"elementor-element elementor-element-6424e9a elementor-widget elementor-widget-heading\" data-id=\"6424e9a\" data-element_type=\"widget\" data-widget_type=\"heading.default\">\n\t\t\t\t<div class=\"elementor-widget-container\">\n\t\t\t\t\t<h2 class=\"elementor-heading-title elementor-size-default\"><b>Socios estrat\u00e9gicos<\/b><\/h2>\t\t\t\t<\/div>\n\t\t\t\t<\/div>\n\t\t\t\t<section class=\"elementor-section elementor-inner-section elementor-element elementor-element-4d3a2cf elementor-section-boxed elementor-section-height-default elementor-section-height-default\" data-id=\"4d3a2cf\" data-element_type=\"section\">\n\t\t\t\t\t\t<div class=\"elementor-container elementor-column-gap-default\">\n\t\t\t\t\t<div class=\"elementor-column elementor-col-33 elementor-inner-column elementor-element elementor-element-46cfb32\" data-id=\"46cfb32\" data-element_type=\"column\">\n\t\t\t<div class=\"elementor-widget-wrap elementor-element-populated\">\n\t\t\t\t\t\t<div class=\"elementor-element elementor-element-7dbefd9 elementor-widget elementor-widget-image\" data-id=\"7dbefd9\" data-element_type=\"widget\" data-widget_type=\"image.default\">\n\t\t\t\t<div class=\"elementor-widget-container\">\n\t\t\t\t\t\t\t\t\t\t\t\t\t\t\t\t<a href=\"https:\/\/www.capitel.com.mx\/\">\n\t\t\t\t\t\t\t<img decoding=\"async\" width=\"1024\" height=\"373\" src=\"https:\/\/albigal.com\/wp-content\/uploads\/2020\/08\/Logo-30-an\u0303os_Capitel-1024x373.jpg\" class=\"attachment-large size-large wp-image-276\" alt=\"\" srcset=\"https:\/\/albigal.com\/wp-content\/uploads\/2020\/08\/Logo-30-an\u0303os_Capitel-1024x373.jpg 1024w, https:\/\/albigal.com\/wp-content\/uploads\/2020\/08\/Logo-30-an\u0303os_Capitel-300x109.jpg 300w, https:\/\/albigal.com\/wp-content\/uploads\/2020\/08\/Logo-30-an\u0303os_Capitel-768x279.jpg 768w, https:\/\/albigal.com\/wp-content\/uploads\/2020\/08\/Logo-30-an\u0303os_Capitel-1536x559.jpg 1536w, https:\/\/albigal.com\/wp-content\/uploads\/2020\/08\/Logo-30-an\u0303os_Capitel-2048x745.jpg 2048w\" sizes=\"(max-width: 1024px) 100vw, 1024px\" \/>\t\t\t\t\t\t\t\t<\/a>\n\t\t\t\t\t\t\t\t\t\t\t\t\t\t\t<\/div>\n\t\t\t\t<\/div>\n\t\t\t\t\t<\/div>\n\t\t<\/div>\n\t\t\t\t<div class=\"elementor-column elementor-col-33 elementor-inner-column elementor-element elementor-element-bf2ae96\" data-id=\"bf2ae96\" data-element_type=\"column\">\n\t\t\t<div class=\"elementor-widget-wrap elementor-element-populated\">\n\t\t\t\t\t\t<div class=\"elementor-element elementor-element-6b96349 elementor-widget elementor-widget-image\" data-id=\"6b96349\" data-element_type=\"widget\" data-widget_type=\"image.default\">\n\t\t\t\t<div class=\"elementor-widget-container\">\n\t\t\t\t\t\t\t\t\t\t\t\t\t\t\t\t<a href=\"https:\/\/www.elevatecig.com\/\">\n\t\t\t\t\t\t\t<img decoding=\"async\" width=\"1024\" height=\"426\" src=\"https:\/\/albigal.com\/wp-content\/uploads\/2020\/08\/Elevate-Logo-1024x426.jpg\" class=\"attachment-large size-large wp-image-275\" alt=\"\" srcset=\"https:\/\/albigal.com\/wp-content\/uploads\/2020\/08\/Elevate-Logo-1024x426.jpg 1024w, https:\/\/albigal.com\/wp-content\/uploads\/2020\/08\/Elevate-Logo-300x125.jpg 300w, https:\/\/albigal.com\/wp-content\/uploads\/2020\/08\/Elevate-Logo-768x319.jpg 768w, https:\/\/albigal.com\/wp-content\/uploads\/2020\/08\/Elevate-Logo-1536x639.jpg 1536w, https:\/\/albigal.com\/wp-content\/uploads\/2020\/08\/Elevate-Logo-2048x852.jpg 2048w\" sizes=\"(max-width: 1024px) 100vw, 1024px\" \/>\t\t\t\t\t\t\t\t<\/a>\n\t\t\t\t\t\t\t\t\t\t\t\t\t\t\t<\/div>\n\t\t\t\t<\/div>\n\t\t\t\t\t<\/div>\n\t\t<\/div>\n\t\t\t\t<div class=\"elementor-column elementor-col-33 elementor-inner-column elementor-element elementor-element-0c4aa7e\" data-id=\"0c4aa7e\" data-element_type=\"column\">\n\t\t\t<div class=\"elementor-widget-wrap elementor-element-populated\">\n\t\t\t\t\t\t<div class=\"elementor-element elementor-element-68228c0 elementor-widget elementor-widget-image\" data-id=\"68228c0\" data-element_type=\"widget\" data-widget_type=\"image.default\">\n\t\t\t\t<div class=\"elementor-widget-container\">\n\t\t\t\t\t\t\t\t\t\t\t\t\t\t\t\t<a href=\"http:\/\/www.scmasociados.com\/\">\n\t\t\t\t\t\t\t<img loading=\"lazy\" decoding=\"async\" width=\"1024\" height=\"398\" src=\"https:\/\/albigal.com\/wp-content\/uploads\/2020\/08\/logo_rgb-1024x398.png\" class=\"attachment-large size-large wp-image-277\" alt=\"\" srcset=\"https:\/\/albigal.com\/wp-content\/uploads\/2020\/08\/logo_rgb-1024x398.png 1024w, https:\/\/albigal.com\/wp-content\/uploads\/2020\/08\/logo_rgb-300x117.png 300w, https:\/\/albigal.com\/wp-content\/uploads\/2020\/08\/logo_rgb-768x299.png 768w, https:\/\/albigal.com\/wp-content\/uploads\/2020\/08\/logo_rgb-1536x597.png 1536w, https:\/\/albigal.com\/wp-content\/uploads\/2020\/08\/logo_rgb-2048x796.png 2048w\" sizes=\"(max-width: 1024px) 100vw, 1024px\" \/>\t\t\t\t\t\t\t\t<\/a>\n\t\t\t\t\t\t\t\t\t\t\t\t\t\t\t<\/div>\n\t\t\t\t<\/div>\n\t\t\t\t\t<\/div>\n\t\t<\/div>\n\t\t\t\t\t<\/div>\n\t\t<\/section>\n\t\t\t\t\t<\/div>\n\t\t<\/div>\n\t\t\t\t\t<\/div>\n\t\t<\/section>\n\t\t\t\t<\/div>","protected":false},"excerpt":{"rendered":"<p>ALBIGAL Investment Group History Albigal Investment Group was born in 2018, as a twin company of Inmobiliaria Albigal,&nbsp; with the vision of providing functional, sustainable and high quality living and working solutions for its clients in the United States. Throughout 2018 Albigal invested in its first multifamily syndication project as a capital investor.&nbsp; Currently, Albigal [&hellip;]<\/p>","protected":false},"author":1,"featured_media":0,"parent":0,"menu_order":0,"comment_status":"closed","ping_status":"closed","template":"elementor_header_footer","meta":{"ocean_post_layout":"full-screen","ocean_both_sidebars_style":"","ocean_both_sidebars_content_width":0,"ocean_both_sidebars_sidebars_width":0,"ocean_sidebar":"0","ocean_second_sidebar":"0","ocean_disable_margins":"enable","ocean_add_body_class":"","ocean_shortcode_before_top_bar":"","ocean_shortcode_after_top_bar":"","ocean_shortcode_before_header":"","ocean_shortcode_after_header":"","ocean_has_shortcode":"","ocean_shortcode_after_title":"","ocean_shortcode_before_footer_widgets":"","ocean_shortcode_after_footer_widgets":"","ocean_shortcode_before_footer_bottom":"","ocean_shortcode_after_footer_bottom":"","ocean_display_top_bar":"default","ocean_display_header":"default","ocean_header_style":"","ocean_center_header_left_menu":"0","ocean_custom_header_template":"0","ocean_custom_logo":0,"ocean_custom_retina_logo":0,"ocean_custom_logo_max_width":0,"ocean_custom_logo_tablet_max_width":0,"ocean_custom_logo_mobile_max_width":0,"ocean_custom_logo_max_height":0,"ocean_custom_logo_tablet_max_height":0,"ocean_custom_logo_mobile_max_height":0,"ocean_header_custom_menu":"0","ocean_menu_typo_font_family":"0","ocean_menu_typo_font_subset":"","ocean_menu_typo_font_size":0,"ocean_menu_typo_font_size_tablet":0,"ocean_menu_typo_font_size_mobile":0,"ocean_menu_typo_font_size_unit":"px","ocean_menu_typo_font_weight":"","ocean_menu_typo_font_weight_tablet":"","ocean_menu_typo_font_weight_mobile":"","ocean_menu_typo_transform":"","ocean_menu_typo_transform_tablet":"","ocean_menu_typo_transform_mobile":"","ocean_menu_typo_line_height":0,"ocean_menu_typo_line_height_tablet":0,"ocean_menu_typo_line_height_mobile":0,"ocean_menu_typo_line_height_unit":"","ocean_menu_typo_spacing":0,"ocean_menu_typo_spacing_tablet":0,"ocean_menu_typo_spacing_mobile":0,"ocean_menu_typo_spacing_unit":"","ocean_menu_link_color":"","ocean_menu_link_color_hover":"","ocean_menu_link_color_active":"","ocean_menu_link_background":"","ocean_menu_link_hover_background":"","ocean_menu_link_active_background":"","ocean_menu_social_links_bg":"","ocean_menu_social_hover_links_bg":"","ocean_menu_social_links_color":"","ocean_menu_social_hover_links_color":"","ocean_disable_title":"on","ocean_disable_heading":"default","ocean_post_title":"","ocean_post_subheading":"","ocean_post_title_style":"","ocean_post_title_background_color":"","ocean_post_title_background":0,"ocean_post_title_bg_image_position":"","ocean_post_title_bg_image_attachment":"","ocean_post_title_bg_image_repeat":"","ocean_post_title_bg_image_size":"","ocean_post_title_height":0,"ocean_post_title_bg_overlay":0.5,"ocean_post_title_bg_overlay_color":"","ocean_disable_breadcrumbs":"default","ocean_breadcrumbs_color":"","ocean_breadcrumbs_separator_color":"","ocean_breadcrumbs_links_color":"","ocean_breadcrumbs_links_hover_color":"","ocean_display_footer_widgets":"default","ocean_display_footer_bottom":"default","ocean_custom_footer_template":"0","footnotes":""},"class_list":["post-19","page","type-page","status-publish","hentry","entry"],"_links":{"self":[{"href":"https:\/\/albigal.com\/mx\/wp-json\/wp\/v2\/pages\/19","targetHints":{"allow":["GET"]}}],"collection":[{"href":"https:\/\/albigal.com\/mx\/wp-json\/wp\/v2\/pages"}],"about":[{"href":"https:\/\/albigal.com\/mx\/wp-json\/wp\/v2\/types\/page"}],"author":[{"embeddable":true,"href":"https:\/\/albigal.com\/mx\/wp-json\/wp\/v2\/users\/1"}],"replies":[{"embeddable":true,"href":"https:\/\/albigal.com\/mx\/wp-json\/wp\/v2\/comments?post=19"}],"version-history":[{"count":40,"href":"https:\/\/albigal.com\/mx\/wp-json\/wp\/v2\/pages\/19\/revisions"}],"predecessor-version":[{"id":516,"href":"https:\/\/albigal.com\/mx\/wp-json\/wp\/v2\/pages\/19\/revisions\/516"}],"wp:attachment":[{"href":"https:\/\/albigal.com\/mx\/wp-json\/wp\/v2\/media?parent=19"}],"curies":[{"name":"wp","href":"https:\/\/api.w.org\/{rel}","templated":true}]}}