{"id":338,"date":"2020-08-28T15:50:05","date_gmt":"2020-08-28T15:50:05","guid":{"rendered":"http:\/\/albigal.com\/?page_id=338"},"modified":"2025-03-03T18:21:27","modified_gmt":"2025-03-03T18:21:27","slug":"privacy-policy","status":"publish","type":"page","link":"https:\/\/albigal.com\/mx\/privacy-policy\/","title":{"rendered":"Pol\u00edticas de Privacidad"},"content":{"rendered":"<div data-elementor-type=\"wp-page\" data-elementor-id=\"338\" class=\"elementor elementor-338\">\n\t\t\t\t\t\t<section class=\"elementor-section elementor-top-section elementor-element elementor-element-d1c0fe3 elementor-section-boxed elementor-section-height-default elementor-section-height-default\" data-id=\"d1c0fe3\" data-element_type=\"section\" data-settings=\"{&quot;background_background&quot;:&quot;classic&quot;}\">\n\t\t\t\t\t\t\t<div class=\"elementor-background-overlay\"><\/div>\n\t\t\t\t\t\t\t<div class=\"elementor-container elementor-column-gap-default\">\n\t\t\t\t\t<div class=\"elementor-column elementor-col-100 elementor-top-column elementor-element elementor-element-beb1363\" data-id=\"beb1363\" data-element_type=\"column\">\n\t\t\t<div class=\"elementor-widget-wrap elementor-element-populated\">\n\t\t\t\t\t\t<div class=\"elementor-element elementor-element-f3fb62a elementor-widget elementor-widget-heading\" data-id=\"f3fb62a\" data-element_type=\"widget\" data-widget_type=\"heading.default\">\n\t\t\t\t<div class=\"elementor-widget-container\">\n\t\t\t\t\t<h2 class=\"elementor-heading-title elementor-size-default\">Pol\u00edticas de Privacidad<\/h2>\t\t\t\t<\/div>\n\t\t\t\t<\/div>\n\t\t\t\t<div class=\"elementor-element elementor-element-1b6bc34 elementor-widget elementor-widget-text-editor\" data-id=\"1b6bc34\" data-element_type=\"widget\" data-widget_type=\"text-editor.default\">\n\t\t\t\t<div class=\"elementor-widget-container\">\n\t\t\t\t\t\t\t\t\t<p class=\"translation-block\"><strong>Inmobiliaria Albigal S.A. de C.V <\/strong>(en lo sucesivo \u201cInmobiliaria Albigal\u201d), de conformidad con las disposiciones de la ley Federal de Protecci\u00f3n de Datos Personales en Posesi\u00f3n de Particulares y su reglamento, es responsable de la informaci\u00f3n de car\u00e1cter personal que se nos otorgue a trav\u00e9s del sitio web de Inmobiliaria Albigal o v\u00eda correo electr\u00f3nico.<br><br>La informaci\u00f3n personal recabada ser\u00e1 utilizada para los siguientes fines:<\/p><p class=\"translation-block\">Please read the Privacy Notice carefully before accessing the website <a href=\"https:\/\/albigal.com\/mx\/\" target=\"_self\">www.albigal.com<\/a> (the \u201c<strong>Website<\/strong>\u201d). <strong>By using the Website or by clicking accept or agree to the Terms &amp; Conditions when this option is made available to you, you accept and agree to be bound and abide by the Privacy Policy. <\/strong>If you do not want to agree to the Privacy Policy, you must not access the website.<\/p><p>This privacy notice discloses the privacy practices for the Website. This privacy notice applies solely to information collected by this website. It will notify you of the following:<\/p><ol><li>Enviar boletines con temas de actualidad que consideramos pudieran ser de su inter\u00e9s, as\u00ed como comunicaciones publicitarias y promocionales.<\/li><li>Enviar informaci\u00f3n para la prospecci\u00f3n de clientes potenciales y proveer los servicios y\/o productos solicitados por usted.<\/li><li>Actualizar la base de datos y dar cumplimiento a la legislaci\u00f3n aplicables.<\/li><\/ol><p><strong>1 &#8211; Information Collection, Use, and Sharing. <\/strong><\/p><p>Inmobiliaria Albigal mantiene medidas administrativas, t\u00e9cnicas y f\u00edsicas que permiten proteger tus datos personales contra da\u00f1o, p\u00e9rdida, alteraci\u00f3n, destrucci\u00f3n o el uso, acceso, tratamiento no autorizado, de la misma manera que Inmobiliaria Albigal mantiene dichas medidas para el manejo de su propia informaci\u00f3n.<\/p><p>Usted en cualquier momento tiene derecho de acceder, rectificar y cancelar sus datos personales, as\u00ed como de oponerse al tratamiento de los mismos, o revocar el consentimiento que para tal fin nos los haya otorgado. Para comenzar dicho procedimiento, los requisitos y plazos, favor de ponerse en contacto con nosotros mediante el siguiente correo electr\u00f3nico: <strong>contacto@albigal.com<\/strong><br><br>Asimismo, le informamos que Inmobiliaria Albigal no revelar\u00e1 sus datos personales a terceros sin su previa autorizaci\u00f3n con excepci\u00f3n de:<\/p><ul><li>Empresas filiales de Inmobiliaria Albigal<\/li><li>En cumplimiento a una orden judicial emitida por autoridad competente.<\/li><li>Aquellas que se realicen en cumplimiento a una relaci\u00f3n jur\u00eddica entre usted y Inmobiliaria Albigal.<\/li><li>Proveedores de servicios externos (Abogados, Contadores etc.) que trabajan con Inmobiliaria Albigal para proporcionar sus servicios.<\/li><\/ul><p>Unless you ask us not to, we may contact you via email in the future to tell you about specials, new products or services, or changes to this privacy policy.<\/p><p><strong>2 &#8211; Security <\/strong><\/p><p>Inmobiliaria Albigal se reserva el derecho de efectuar en cualquier momento modificaciones o actualizaciones o complementos al presente aviso de privacidad, las que estar\u00e1n disponibles en la p\u00e1gina de internet www.albigal.com\/aviso-de-privacidad, por lo que se sugiere visitar regularmente el sitio de internet; de igual forma le ser\u00e1 enviado por correo electr\u00f3nico en caso que lo haya proporcionado.<\/p><p>Wherever we collect sensitive information that information is encrypted and transmitted to us via a secure medium known as Secure Sockets Layer (SSL). You can verify this by looking for a lock icon in the address bar and looking for &#8220;https&#8221; at the beginning of the address of the Web page.<\/p><p>While we use encryption to protect sensitive information transmitted online, we also protect your information offline. Only employees who need the information to perform a specific job (for example, billing or customer service) are granted access to personally identifiable information. The computers\/servers in which we store personally identifiable information are kept in a secure environment.<\/p><p class=\"translation-block\">If you feel that we are not abiding by this privacy policy, you should contact us immediately via email at <strong>contact@albigal.com.<\/strong><\/p><p><strong>3 &#8211; Contact Us <\/strong><\/p><p class=\"translation-block\">You may opt out of any future contacts from us at any time. You can do the following at any time by contacting us via the email address <strong>contact@albigal.com<\/strong><\/p><ul><li>See what data we have about you, if any.<\/li><li>Change\/correct any data we have about you.<\/li><li>Have us delete any data we have about you.<\/li><li>Express any concern you have about our use of your data.<\/li><\/ul>\t\t\t\t\t\t\t\t<\/div>\n\t\t\t\t<\/div>\n\t\t\t\t<div class=\"elementor-element elementor-element-c1e3c4d elementor-widget elementor-widget-heading\" data-id=\"c1e3c4d\" data-element_type=\"widget\" data-widget_type=\"heading.default\">\n\t\t\t\t<div class=\"elementor-widget-container\">\n\t\t\t\t\t<h2 class=\"elementor-heading-title elementor-size-default\">Terms &amp; Conditions<\/h2>\t\t\t\t<\/div>\n\t\t\t\t<\/div>\n\t\t\t\t<div class=\"elementor-element elementor-element-2cf46f0 elementor-widget elementor-widget-text-editor\" data-id=\"2cf46f0\" data-element_type=\"widget\" data-widget_type=\"text-editor.default\">\n\t\t\t\t<div class=\"elementor-widget-container\">\n\t\t\t\t\t\t\t\t\t<p><strong>NO OFFER OF SECURITIES<\/strong><\/p><p>This is neither an offer to sell nor a solicitation of an offer to buy the securities described herein. An offering may only be made only by means of delivery of a prospectus, Private Placement Memorandum, or similar material to which the Executive Summary is attached as an Exhibit. \u00a0Any such offer can and will be made only in jurisdictions in which such an offer would be lawful, and only to individuals who meet the required investor suitability and sophistication requirements of each such investment, including qualifying as accredited investors within the meaning of the Securities Act of 1933, as amended. \u00a0Access to information about any investment is similarly limited to individuals who meet the applicable investor suitability and sophistication requirements.\u00a0 You are solely responsible for determining whether any investment is appropriate or suitable for you based on your investment objectives and personal and financial situation. You should read the Private Placement Memorandum or similar materials (including each of its Exhibits) in their entirety in order to understand fully all of the implications and risks of the offering of securities to which it relates. An investment in the Property should be made only after careful review of the Private Placement Memorandum.\u00a0<\/p><p><strong>NO WARRANTY<\/strong><\/p><p>The Executive Summary includes forecasts, projections, and other predictive statements based on assumptions and expectations made by the Manager in light of currently available information, historical property performance, industry trends, market conditions and information provided by the seller. The Property\u2019s actual performance may differ from these projections based on factors outside of the Manager\u2019s control. Moreover, past performance is no guarantee of future results, therefore no guarantee is presented or implied as to the accuracy of specific forecasts, projections, or predictive statements contained herein.\u00a0<\/p><p><strong>INFORMATION AND LINKS TO THIRD PARTY WEBSITES<\/strong><\/p><p>This site may contain links to third-party web sites or services that are not owned or controlled by Albigal Investment Group.\u00a0 Albigal Investment Group has no control over, and assumes no responsibility for, the content, privacy policies, or practices of any third-party web sites or services. You acknowledge and agree that Albigal Investment Group shall not be responsible or liable, directly or indirectly, for any damage or loss caused or alleged to be caused by or in connection with use of or reliance on any such content, goods or services available on or through any such web sites or services.\u00a0 You are solely responsible for assessing and verifying the identity and trustworthiness of the source and content of any communications which you may receive directly or indirectly from, or that may be directed to you from, any third party. \u00a0Albigal Investment Group assumes no responsibility for verifying, and makes no representations or warranties regarding, the identity or trustworthiness of the source or content of any such communications.<\/p><p><strong>LIMITATION OF LIABILITY<\/strong><\/p><p>IN NO EVENT SHALL ALBIGAL INVESTMENT GROUP, OR ANY OF ITS RESPECTIVE OFFICERS, DIRECTORS, MANAGERS, PRINCIPALS, AGENTS AND EMPLOYEES BE LIABLE FOR ANY CLAIMS, LIABILITIES, LOSSES, COSTS OR DAMAGES, INCLUDING DIRECT, INDIRECT, PUNITIVE, INCIDENTAL, SPECIAL OR CONSEQUENTIAL DAMAGES, ARISING OUT OF OR IN ANY WAY CONNECTED WITH (I) THE USE OF OR INABILITY TO USE THE SITE OR WITH ANY DELAY IN USING THE SITE, OR (II) ANY INFORMATION AND MATERIALS OBTAINED THROUGH THE SITE, OR (III) OTHERWISE ARISING OUT OF THE USE OF THE SITE; IN ANY CASE WHETHER BASED ON THEORIES ARISING IN CONTRACT, TORT, STRICT LIABILITY OR OTHERWISE. SUCH LIMITATIONS APPLY EVEN IF ALBIGAL INVESTMENT GROUP OR ANY OF ITS RESPECTIVE OFFICERS, DIRECTORS, MANAGERS, \u00a0PRINCIPALS, AGENTS OR EMPLOYEES HAVE BEEN ADVISED OF THE POSSIBILITY OF DAMAGES. In the event a jurisdiction limits our ability to disclaim liability, then, with regard to those jurisdictions, our liability shall be limited to the greatest extent permitted by applicable law.<\/p><p><b>Last update:<\/b> 1\/1\/2025<\/p>\t\t\t\t\t\t\t\t<\/div>\n\t\t\t\t<\/div>\n\t\t\t\t\t<\/div>\n\t\t<\/div>\n\t\t\t\t\t<\/div>\n\t\t<\/section>\n\t\t\t\t<\/div>","protected":false},"excerpt":{"rendered":"<p>Privacy Policy \u201cAlbigal investment Group LLC\u201d (\u201cCompany\u201d, \u201cwe\u201d, \u201cus\u201d) respects your privacy and is committed to protecting it through this Privacy Policy. Please read the Privacy Notice carefully before accessing the website www.albigal.com (the \u201cWebsite\u201d). By using the Website or by clicking accept or agree to the Terms &amp; Conditions when this option is made [&hellip;]<\/p>","protected":false},"author":1,"featured_media":0,"parent":0,"menu_order":0,"comment_status":"closed","ping_status":"closed","template":"elementor_header_footer","meta":{"ocean_post_layout":"full-screen","ocean_both_sidebars_style":"","ocean_both_sidebars_content_width":0,"ocean_both_sidebars_sidebars_width":0,"ocean_sidebar":"0","ocean_second_sidebar":"0","ocean_disable_margins":"enable","ocean_add_body_class":"","ocean_shortcode_before_top_bar":"","ocean_shortcode_after_top_bar":"","ocean_shortcode_before_header":"","ocean_shortcode_after_header":"","ocean_has_shortcode":"","ocean_shortcode_after_title":"","ocean_shortcode_before_footer_widgets":"","ocean_shortcode_after_footer_widgets":"","ocean_shortcode_before_footer_bottom":"","ocean_shortcode_after_footer_bottom":"","ocean_display_top_bar":"default","ocean_display_header":"default","ocean_header_style":"","ocean_center_header_left_menu":"0","ocean_custom_header_template":"0","ocean_custom_logo":0,"ocean_custom_retina_logo":0,"ocean_custom_logo_max_width":0,"ocean_custom_logo_tablet_max_width":0,"ocean_custom_logo_mobile_max_width":0,"ocean_custom_logo_max_height":0,"ocean_custom_logo_tablet_max_height":0,"ocean_custom_logo_mobile_max_height":0,"ocean_header_custom_menu":"0","ocean_menu_typo_font_family":"0","ocean_menu_typo_font_subset":"","ocean_menu_typo_font_size":0,"ocean_menu_typo_font_size_tablet":0,"ocean_menu_typo_font_size_mobile":0,"ocean_menu_typo_font_size_unit":"px","ocean_menu_typo_font_weight":"","ocean_menu_typo_font_weight_tablet":"","ocean_menu_typo_font_weight_mobile":"","ocean_menu_typo_transform":"","ocean_menu_typo_transform_tablet":"","ocean_menu_typo_transform_mobile":"","ocean_menu_typo_line_height":0,"ocean_menu_typo_line_height_tablet":0,"ocean_menu_typo_line_height_mobile":0,"ocean_menu_typo_line_height_unit":"","ocean_menu_typo_spacing":0,"ocean_menu_typo_spacing_tablet":0,"ocean_menu_typo_spacing_mobile":0,"ocean_menu_typo_spacing_unit":"","ocean_menu_link_color":"","ocean_menu_link_color_hover":"","ocean_menu_link_color_active":"","ocean_menu_link_background":"","ocean_menu_link_hover_background":"","ocean_menu_link_active_background":"","ocean_menu_social_links_bg":"","ocean_menu_social_hover_links_bg":"","ocean_menu_social_links_color":"","ocean_menu_social_hover_links_color":"","ocean_disable_title":"on","ocean_disable_heading":"default","ocean_post_title":"","ocean_post_subheading":"","ocean_post_title_style":"","ocean_post_title_background_color":"","ocean_post_title_background":0,"ocean_post_title_bg_image_position":"","ocean_post_title_bg_image_attachment":"","ocean_post_title_bg_image_repeat":"","ocean_post_title_bg_image_size":"","ocean_post_title_height":0,"ocean_post_title_bg_overlay":0.5,"ocean_post_title_bg_overlay_color":"","ocean_disable_breadcrumbs":"default","ocean_breadcrumbs_color":"","ocean_breadcrumbs_separator_color":"","ocean_breadcrumbs_links_color":"","ocean_breadcrumbs_links_hover_color":"","ocean_display_footer_widgets":"default","ocean_display_footer_bottom":"default","ocean_custom_footer_template":"0","footnotes":""},"class_list":["post-338","page","type-page","status-publish","hentry","entry"],"_links":{"self":[{"href":"https:\/\/albigal.com\/mx\/wp-json\/wp\/v2\/pages\/338","targetHints":{"allow":["GET"]}}],"collection":[{"href":"https:\/\/albigal.com\/mx\/wp-json\/wp\/v2\/pages"}],"about":[{"href":"https:\/\/albigal.com\/mx\/wp-json\/wp\/v2\/types\/page"}],"author":[{"embeddable":true,"href":"https:\/\/albigal.com\/mx\/wp-json\/wp\/v2\/users\/1"}],"replies":[{"embeddable":true,"href":"https:\/\/albigal.com\/mx\/wp-json\/wp\/v2\/comments?post=338"}],"version-history":[{"count":20,"href":"https:\/\/albigal.com\/mx\/wp-json\/wp\/v2\/pages\/338\/revisions"}],"predecessor-version":[{"id":564,"href":"https:\/\/albigal.com\/mx\/wp-json\/wp\/v2\/pages\/338\/revisions\/564"}],"wp:attachment":[{"href":"https:\/\/albigal.com\/mx\/wp-json\/wp\/v2\/media?parent=338"}],"curies":[{"name":"wp","href":"https:\/\/api.w.org\/{rel}","templated":true}]}}